{"id":1123,"date":"2023-11-02T11:10:24","date_gmt":"2023-11-02T10:10:24","guid":{"rendered":"http:\/\/ltc-systems.local\/?page_id=1123"},"modified":"2025-07-03T13:15:00","modified_gmt":"2025-07-03T11:15:00","slug":"energies","status":"publish","type":"page","link":"https:\/\/ltc-systems.com\/en\/energies\/","title":{"rendered":"Energies"},"content":{"rendered":"<style>\r\n.static-hero::before {\r\n    background: linear-gradient(180deg, rgba(0, 0, 0, .5) 0%, rgba(19, 19, 19, 0.00) 100%);\r\n}\r\n\r\n.static-hero::after {\r\n    background: linear-gradient(180deg, rgba(19, 19, 19, 0.00) 0%, rgb(0,0,0) 100%);\r\n}\r\n <\/style>\r\n\r\n <section class=\"hero static-hero d-flex justify-content-center align-items-end position-relative fade-section\"\r\n     style=\"background:  url('https:\/\/ltc-systems.com\/wp-content\/uploads\/2023\/11\/energies-baterije-hero-ltc.png') no-repeat center \/ cover;\">\r\n      <\/section>\n\n\n<section class=\"half-block fade-section\" style=\"background-color: rgb(0,0,0);\">\n     <div class=\"container-fluid\">\n        <div class=\"row flex-row-reverse\">\n            <div class=\"col-md-6 col-12 text-container p-md-5 p-4 d-flex flex-column justify-content-center align-items-md-start align-items-center\">\n                                <h2 class=\"mb-3\" style=\"color: rgb(255,255,255);\">\n                    Batteries                <\/h2>\n                <p class=\"col-md-8 col-12\" style=\"text-align: justify; color: rgb(255,255,255);\">\n                    Produ\u017eite \u017eivotni vek svojih baterija i osigurajte maksimalnu efikasnost! Na\u0161e re\u0161enje za regeneraciju baterija koristi visoko-frekventni elektro-pulsiraju\u0107i proces koji uspe\u0161no uklanja sulfatne naslage i vra\u0107a kapacitet bateriji. Ovaj postupak omogu\u0107ava da se stare i oslabljene baterije ponovo koriste u punom kapacitetu, \u010dime se \u0161tede resursi i smanjuju tro\u0161kovi zamene.                <\/p>\n                \n                                    <button class=\"btn btn-default mt-4 scroll-to-footer\" style=\"background-color: var(--primary);\">\n                        Po\u0161aljite upit                     <\/button>\n                            <\/div>\n            <div class=\"col-md-6 col-12 p-0\">\n                <img decoding=\"async\" class=\"img-fluid w-100 h-100\" src=\"https:\/\/ltc-systems.com\/wp-content\/uploads\/2024\/06\/energies-ltc-home-hero.webp\" alt=\"\">\n            <\/div>\n        <\/div>\n     <\/div>\n<\/section>\n\n\n\n\n\n<section class=\"half-block fade-section\" style=\"background-color: rgb(0,0,0);\">\n     <div class=\"container-fluid\">\n        <div class=\"row\">\n            <div class=\"col-md-6 col-12 text-container p-md-5 p-4 d-flex flex-column justify-content-center align-items-md-start align-items-center\">\n                                <h2 class=\"mb-3\" style=\"color: rgb(255,255,255);\">\n                    Chargers                <\/h2>\n                <p class=\"col-md-8 col-12\" style=\"text-align: justify; color: rgb(255,255,255);\">\n                    Fronius products have an extremely long lifespan and are produced according to the highest quality standards. This has not only impressed us, but also our customers for over 75 years. Our intelligent, future-ready products are also offered with an impressive five-year product warranty                <\/p>\n                \n                                    <button class=\"btn btn-default mt-4 scroll-to-footer\" style=\"background-color: var(--primary);\">\n                        Po\u0161aljite upit                    <\/button>\n                            <\/div>\n            <div class=\"col-md-6 col-12 p-0\">\n                <img decoding=\"async\" class=\"img-fluid w-100 h-100\" src=\"https:\/\/ltc-systems.com\/wp-content\/uploads\/2023\/11\/punjaci-ltc.png\" alt=\"\">\n            <\/div>\n        <\/div>\n     <\/div>\n<\/section>\n\n\n\n<section class=\"half-block fade-section\" style=\"background-color: rgb(0,0,0);\">\n     <div class=\"container-fluid\">\n        <div class=\"row flex-row-reverse\">\n            <div class=\"col-md-6 col-12 text-container p-md-5 p-4 d-flex flex-column justify-content-center align-items-md-start align-items-center\">\n                                <h2 class=\"mb-3\" style=\"color: rgb(255,255,255);\">\n                    Battery regeneration                <\/h2>\n                <p class=\"col-md-8 col-12\" style=\"text-align: justify; color: rgb(255,255,255);\">\n                    Each regeneration is accompanied by detailed process reports\nwhich is provided by the regeneration device itself. With full precision at-\nthe state of the battery before, during and at the end of the process, as well as the\nthe beat result and the condition of the regenerated battery to which it relates\nnew warranty. Any performed regeneration remains saved in\nmemory of the device in the maintenance history, and stands as a confirmation of quality\nregenerated batteries.                <\/p>\n                \n                                    <button class=\"btn btn-default mt-4 scroll-to-footer\" style=\"background-color: var(--primary);\">\n                        Po\u0161aljite upit                    <\/button>\n                            <\/div>\n            <div class=\"col-md-6 col-12 p-0\">\n                <img decoding=\"async\" class=\"img-fluid w-100 h-100\" src=\"https:\/\/ltc-systems.com\/wp-content\/uploads\/2023\/11\/baterija-energy-ltc.png\" alt=\"\">\n            <\/div>\n        <\/div>\n     <\/div>\n<\/section>","protected":false},"excerpt":{"rendered":"","protected":false},"author":1,"featured_media":1955,"parent":0,"menu_order":0,"comment_status":"closed","ping_status":"closed","template":"templates\/main-pages-template.php","meta":{"_acf_changed":false,"footnotes":""},"class_list":["post-1123","page","type-page","status-publish","has-post-thumbnail","hentry"],"acf":[],"_links":{"self":[{"href":"https:\/\/ltc-systems.com\/en\/wp-json\/wp\/v2\/pages\/1123","targetHints":{"allow":["GET"]}}],"collection":[{"href":"https:\/\/ltc-systems.com\/en\/wp-json\/wp\/v2\/pages"}],"about":[{"href":"https:\/\/ltc-systems.com\/en\/wp-json\/wp\/v2\/types\/page"}],"author":[{"embeddable":true,"href":"https:\/\/ltc-systems.com\/en\/wp-json\/wp\/v2\/users\/1"}],"replies":[{"embeddable":true,"href":"https:\/\/ltc-systems.com\/en\/wp-json\/wp\/v2\/comments?post=1123"}],"version-history":[{"count":18,"href":"https:\/\/ltc-systems.com\/en\/wp-json\/wp\/v2\/pages\/1123\/revisions"}],"predecessor-version":[{"id":2977,"href":"https:\/\/ltc-systems.com\/en\/wp-json\/wp\/v2\/pages\/1123\/revisions\/2977"}],"wp:featuredmedia":[{"embeddable":true,"href":"https:\/\/ltc-systems.com\/en\/wp-json\/wp\/v2\/media\/1955"}],"wp:attachment":[{"href":"https:\/\/ltc-systems.com\/en\/wp-json\/wp\/v2\/media?parent=1123"}],"curies":[{"name":"wp","href":"https:\/\/api.w.org\/{rel}","templated":true}]}}