{"id":649,"date":"2023-09-25T11:48:29","date_gmt":"2023-09-25T09:48:29","guid":{"rendered":"http:\/\/ltc-systems.local\/?page_id=649"},"modified":"2025-03-19T10:33:41","modified_gmt":"2025-03-19T09:33:41","slug":"logimind","status":"publish","type":"page","link":"https:\/\/ltc-systems.com\/en\/logimind\/","title":{"rendered":"Logimind"},"content":{"rendered":"\r\n<section class=\"hero-special fade-section\">\r\n    <div class=\"container\">\r\n        <div class=\"row gy-4\">\r\n            <div class=\"col-12 grid-center\">\r\n                <img decoding=\"async\" class=\"img-fluid\" src=\"https:\/\/ltc-systems.com\/wp-content\/uploads\/2023\/11\/logimind-logo.png\" alt=\"\">\r\n            <\/div>\r\n            <div class=\"col-12 grid-center\">\r\n                <p class=\"text-light\">\r\n                    Aplikacija za prodajom, iznajmljivanjem i servisiranjem viljus\u030ckara                <\/p>\r\n            <\/div>\r\n            <div class=\"col-12 grid-center\">\r\n                <img decoding=\"async\" class=\"img-fluid\" src=\"https:\/\/ltc-systems.com\/wp-content\/uploads\/2023\/10\/logimind-screen-desktop.png\" alt=\"\">\r\n            <\/div>\r\n        <\/div>\r\n    <\/div>\r\n<\/section>\n\n\n<section class=\"content-block fade-section\"\n    >\n    <style>\n        .content-block h2 span {\n            color: var(--primary);\n            font-weight: bold;\n        }\n        .content-block h3 {\n            color: var(--primary);\n        }\n    <\/style>\n    <div class=\"container\">\n        <div class=\"row align-items-center flex-md-row flex-column-reverse\">\n            <div class=\"col-md-6 d-flex flex-column align-items-start gap-4 col-12\">\n                                    <h2 class=\"d-flex flex-column\" style=\"color: #ffffff;\">\n                        Aplikacija                    <\/h2>\n                                <div class=\"col-12\">\n                                            \n                                                <p style=\"text-align:justify; color: #ffffff;\">\n                            LogiMIND je softversko res\u030cenje prilago\u0111eno potrebama kompanije Lift Truck Co koja se bavi prodajom, iznajmljivanjem i servisiranjem viljus\u030ckara. LogiMIND omoguc\u0301ava automatizaciju poslovnih procesa, elektronsku evidenciju poslovanja, organizaciju, analizu i optimizaciju resursa.                        <\/p>\n                                    <\/div>\n                \n                                        <button class=\"btn btn-default scroll-to-footer\"\n                        style=\"\n                        color: #ffffff;\n                        background-color: var(--primary);\">\n                            Otvori nalog                        <\/button>\n                                <\/div>\n                            <div class=\"col-md-6 col-12 d-flex justify-content-md-end justify-content-center mb-md-0 mb-3\">\n                    <img decoding=\"async\" class=\"img-fluid\" src=\"https:\/\/ltc-systems.com\/wp-content\/uploads\/2023\/10\/logimind-app-large.png\" alt=\"\">\n                <\/div>\n                    <\/div>\n    <\/div>\n<\/section>\n\n<section class=\"sticky-slider\">\r\n    <style>\r\n        .sticky-slider article {\r\n            background: linear-gradient(270deg, #FB6B29 6%, #FFF 100%);\r\n        }\r\n    <\/style>\r\n                <article class=\"w-100 d-flex align-items-center\" style=\"background: linear-gradient(270deg, #FFF 6%, #dd3333  100%);\">\r\n                <div class=\"slider-body container\">\r\n                    <div class=\"row align-items-center\">\r\n                        <div class=\"col-md-6 col-12 text-md-start text-center d-flex flex-column gap-4 align-items-md-start align-items-center justify-content-center mb-md-0 mb-5\">\r\n                                                                                    <h2 class=\"text-white\">\r\n                                Digitalni kalendar Servisa                            <\/h2>\r\n                            <p class=\"text-white\">\r\n                                Web bazirana servisna aplikacija obezbe\u0111uje idealnu B2B komunikaciju, proces i pra\u0107enje servisnih zahteva \u2013 Radnih naloga od iniciranja do realizacije                             <\/p>\r\n                                                    <\/div>\r\n                        <div class=\"col-md-6 col-12 d-flex justify-content-md-end justify-content-center align-items-center\">\r\n                            <img decoding=\"async\" class=\"img-fluid\" src=\"https:\/\/ltc-systems.com\/wp-content\/uploads\/2023\/10\/logimind-screen.png\" alt=\"\">\r\n                        <\/div>\r\n                    <\/div>\r\n                <\/div>\r\n            <\/article>\r\n                    <article class=\"w-100 d-flex align-items-center\" style=\"background: linear-gradient(270deg, #FFF 6%, #8224e3  100%);\">\r\n                <div class=\"slider-body container\">\r\n                    <div class=\"row align-items-center\">\r\n                        <div class=\"col-md-6 col-12 text-md-start text-center d-flex flex-column gap-4 align-items-md-start align-items-center justify-content-center mb-md-0 mb-5\">\r\n                                                                                    <h2 class=\"text-white\">\r\n                                Servisna Interakcija                            <\/h2>\r\n                            <p class=\"text-white\">\r\n                                Web bazirana servisna aplikacija obezbe\u0111uje idealnu B2B komunikaciju, proces i pra\u0107enje servisnih zahteva &#8211; Radnih naloga od iniciranja do realizacije                            <\/p>\r\n                                                    <\/div>\r\n                        <div class=\"col-md-6 col-12 d-flex justify-content-md-end justify-content-center align-items-center\">\r\n                            <img decoding=\"async\" class=\"img-fluid\" src=\"https:\/\/ltc-systems.com\/wp-content\/uploads\/2023\/10\/logimind-screen.png\" alt=\"\">\r\n                        <\/div>\r\n                    <\/div>\r\n                <\/div>\r\n            <\/article>\r\n                    <article class=\"w-100 d-flex align-items-center\" style=\"background: linear-gradient(270deg, #FFF 6%, #1e73be  100%);\">\r\n                <div class=\"slider-body container\">\r\n                    <div class=\"row align-items-center\">\r\n                        <div class=\"col-md-6 col-12 text-md-start text-center d-flex flex-column gap-4 align-items-md-start align-items-center justify-content-center mb-md-0 mb-5\">\r\n                                                                                    <h2 class=\"text-white\">\r\n                                Analitika i Optimizacija                            <\/h2>\r\n                            <p class=\"text-white\">\r\n                                Puni uvid u flotu, ugovore, ponude i ra\u010dune, starost i iskori\u0161\u0107enost vilju\u0161kara, servisnu istoriju i tro\u0161kove odr\u017eavanja otvara neograni\u010dene mogu\u0107nosti za optimizaciju flote                             <\/p>\r\n                                                    <\/div>\r\n                        <div class=\"col-md-6 col-12 d-flex justify-content-md-end justify-content-center align-items-center\">\r\n                            <img decoding=\"async\" class=\"img-fluid\" src=\"https:\/\/ltc-systems.com\/wp-content\/uploads\/2023\/10\/logimind-screen.png\" alt=\"\">\r\n                        <\/div>\r\n                    <\/div>\r\n                <\/div>\r\n            <\/article>\r\n                    <article class=\"w-100 d-flex align-items-center\" style=\"background: linear-gradient(270deg, #FFF 6%, #8224e3  100%);\">\r\n                <div class=\"slider-body container\">\r\n                    <div class=\"row align-items-center\">\r\n                        <div class=\"col-md-6 col-12 text-md-start text-center d-flex flex-column gap-4 align-items-md-start align-items-center justify-content-center mb-md-0 mb-5\">\r\n                                                                                    <h2 class=\"text-white\">\r\n                                Brzina i Puzdanost                            <\/h2>\r\n                            <p class=\"text-white\">\r\n                                Servisna izvrsnost: vreme odziva 1h, brza i precizna dijagnostika, kontola procesa, optimizacija putnih tro\u0161kova, smanjenje tro\u0161kova administracije, dostupnost rezervnih delova                             <\/p>\r\n                                                    <\/div>\r\n                        <div class=\"col-md-6 col-12 d-flex justify-content-md-end justify-content-center align-items-center\">\r\n                            <img decoding=\"async\" class=\"img-fluid\" src=\"https:\/\/ltc-systems.com\/wp-content\/uploads\/2023\/10\/logimind-screen.png\" alt=\"\">\r\n                        <\/div>\r\n                    <\/div>\r\n                <\/div>\r\n            <\/article>\r\n            <\/section>\n\n\n<section class=\"wp-block-group global-padding img-cta-section fade-section\"><div class=\"wp-block-group__inner-container is-layout-constrained wp-block-group-is-layout-constrained\"><div class=\"wp-block-image mb-5\">\n<figure class=\"aligncenter size-full is-resized\"><img loading=\"lazy\" decoding=\"async\" width=\"676\" height=\"243\" src=\"http:\/\/markov87.sg-host.com\/wp-content\/uploads\/2023\/11\/logimind-logo.png\" alt=\"\" class=\"wp-image-1882\" style=\"width:676px;height:auto\" srcset=\"https:\/\/ltc-systems.com\/wp-content\/uploads\/2023\/11\/logimind-logo.png 676w, https:\/\/ltc-systems.com\/wp-content\/uploads\/2023\/11\/logimind-logo-300x108.png 300w\" sizes=\"auto, (max-width: 676px) 100vw, 676px\" \/><\/figure>\n<\/div><\/div><\/section>\n\n\n\r\n<section class=\"consult fade-section\" style=\"background-color: rgba(255,255,255,0);\">\r\n    <div class=\"container py-5\">\r\n        <div class=\"row text-center d-flex flex-column align-items-center gy-3\">\r\n            <div class=\"col-12\">\r\n                <img decoding=\"async\" class=\"img-fluid rounded-circle\" src=\"\/wp-content\/uploads\/2023\/10\/ltc-consult.jpg\" alt=\"\">\r\n            <\/div>\r\n            <div class=\"col-12\">\r\n                <h2 style=\"color: #fff;\">\r\n                   Zaka\u017eite besplatne konsulatacije                <\/h2>\r\n            <\/div>\r\n            <div class=\"col-12\">\r\n                <p style=\"color: #fff;\">\r\n                    30 minuta                <\/p>\r\n            <\/div>\r\n            <div class=\"col-md-6 col-12\">\r\n                <p style=\"color: #fff;\">\r\n                    U okviru na\u0161e mre\u017ee gde su sistemi za pomo\u0107 voza\u010du pronalazimo razli\u010dita audio i vizuelna sredstva koja rizike povreda na radu rukovaoca vilju\u0161kara smanjuju na minimum. Na\u0161e obuke rukovaoca vilju\u0161karima dorpinose boljoj edukaciji. U okviru sistema za pomo\u0107 voza\u010dima \u201c                <\/p>\r\n            <\/div>\r\n\r\n            <div class=\"col-12 d-flex justify-content-center\">\r\n                <button type=\"button\" data-bs-toggle=\"modal\" data-bs-target=\"#consultModal\" class=\"btn btn-default light-hover\" style=\"color: ; background: var(--primary);\">\r\n                    Zaka\u017eite konsultacije                <\/button>\r\n            <\/div>\r\n        <\/div>\r\n    <\/div>\r\n\r\n    <div class=\"modal fade default-modal\" id=\"consultModal\" tabindex=\"-1\" aria-labelledby=\"exampleModalLabel\" aria-hidden=\"true\">\r\n        <div class=\"modal-dialog modal-dialog-centered\">\r\n            <div class=\"modal-content position-relative border-0 rounded-0\">\r\n                <div class=\"modal-header border-0\">\r\n                    <button type=\"button\" class=\"btn-close\" data-bs-dismiss=\"modal\" aria-label=\"Close\"><\/button>\r\n                <\/div>\r\n                <div class=\"row modal-body position-relative justify-content-center align-items-center text-center\">\r\n                    <div class=\"col-12\">\r\n                        <h3 class=\"text-light text-uppercase fw-bold fs-1\">\r\n                            Zaka\u017eite besplatne konsultacije                        <\/h3>\r\n                    <\/div>\r\n                    <div class=\"col-12 mb-5\">\r\n                        <p class=\"text-light\">\r\n                            Popunite formu i zaka\u017eite konsultacije                        <\/p>\r\n                    <\/div>\r\n                    <div class=\"col-12\">\r\n                        [contact-form-7 id=&#8220;0ee5281&#8243; title=&#8220;Consult&#8220;]                    <\/div>\r\n                <\/div> \r\n            <\/div>\r\n        <\/div>\r\n    <\/div>\r\n<\/section>","protected":false},"excerpt":{"rendered":"","protected":false},"author":1,"featured_media":1956,"parent":0,"menu_order":0,"comment_status":"closed","ping_status":"closed","template":"templates\/main-pages-template.php","meta":{"_acf_changed":false,"footnotes":""},"class_list":["post-649","page","type-page","status-publish","has-post-thumbnail","hentry"],"acf":[],"_links":{"self":[{"href":"https:\/\/ltc-systems.com\/en\/wp-json\/wp\/v2\/pages\/649","targetHints":{"allow":["GET"]}}],"collection":[{"href":"https:\/\/ltc-systems.com\/en\/wp-json\/wp\/v2\/pages"}],"about":[{"href":"https:\/\/ltc-systems.com\/en\/wp-json\/wp\/v2\/types\/page"}],"author":[{"embeddable":true,"href":"https:\/\/ltc-systems.com\/en\/wp-json\/wp\/v2\/users\/1"}],"replies":[{"embeddable":true,"href":"https:\/\/ltc-systems.com\/en\/wp-json\/wp\/v2\/comments?post=649"}],"version-history":[{"count":15,"href":"https:\/\/ltc-systems.com\/en\/wp-json\/wp\/v2\/pages\/649\/revisions"}],"predecessor-version":[{"id":2872,"href":"https:\/\/ltc-systems.com\/en\/wp-json\/wp\/v2\/pages\/649\/revisions\/2872"}],"wp:featuredmedia":[{"embeddable":true,"href":"https:\/\/ltc-systems.com\/en\/wp-json\/wp\/v2\/media\/1956"}],"wp:attachment":[{"href":"https:\/\/ltc-systems.com\/en\/wp-json\/wp\/v2\/media?parent=649"}],"curies":[{"name":"wp","href":"https:\/\/api.w.org\/{rel}","templated":true}]}}